{"id":182,"date":"2026-04-19T16:39:02","date_gmt":"2026-04-19T16:39:02","guid":{"rendered":"https:\/\/arte.vive-rico.com\/?page_id=182"},"modified":"2026-04-19T16:39:02","modified_gmt":"2026-04-19T16:39:02","slug":"sobre-mi","status":"publish","type":"page","link":"https:\/\/arte.vive-rico.com\/?page_id=182","title":{"rendered":"Sobre m\u00ed"},"content":{"rendered":"\n<p><\/p>\n\n\n\n<figure class=\"wp-block-image\"><img loading=\"lazy\" decoding=\"async\" width=\"1024\" height=\"682\" src=\"https:\/\/arte.vive-rico.com\/wp-content\/uploads\/2026\/04\/Vive-Rico-32-1024x682.jpg\" alt=\"\" class=\"wp-image-179\" srcset=\"https:\/\/arte.vive-rico.com\/wp-content\/uploads\/2026\/04\/Vive-Rico-32-1024x682.jpg 1024w, https:\/\/arte.vive-rico.com\/wp-content\/uploads\/2026\/04\/Vive-Rico-32-300x200.jpg 300w, https:\/\/arte.vive-rico.com\/wp-content\/uploads\/2026\/04\/Vive-Rico-32-768x512.jpg 768w, https:\/\/arte.vive-rico.com\/wp-content\/uploads\/2026\/04\/Vive-Rico-32-1536x1024.jpg 1536w, https:\/\/arte.vive-rico.com\/wp-content\/uploads\/2026\/04\/Vive-Rico-32-1170x780.jpg 1170w, https:\/\/arte.vive-rico.com\/wp-content\/uploads\/2026\/04\/Vive-Rico-32.jpg 2000w\" sizes=\"auto, (max-width: 1024px) 100vw, 1024px\" \/><\/figure>\n\n\n\n<p>Mi nombre es Amanda Rico<br>Tengo 54 a\u00f1os y hace m\u00e1s de veinte a\u00f1os inici\u00e9 un camino profundo de transformaci\u00f3n personal que cambi\u00f3 mi forma de vivir y ver el mundo.<br>Aprend\u00ed que sanar no es olvidar lo vivido, sino abrazar nuestra historia, resignificarla y permitirnos vivir con mayor calma, autenticidad y amor propio.<br>Desde esa experiencia nace Vive Rico.<br>Hoy acompa\u00f1o a personas que desean comprender lo que est\u00e1n viviendo y generar cambios reales en su bienestar emocional, mental y espiritual.<\/p>\n\n\n\n<p>Soy:<br>-Arteterapeuta<br>-Terapeuta Reiki Usui<br>-Life Coach con herramientas de PNL<br>-Facilitadora en procesos de desarrollo personal<br>-En formaci\u00f3n en educaci\u00f3n diferencial<\/p>\n\n\n\n<p>Trabajo desde la escucha, el respeto y la experiencia vivida.<br>Porque creo profundamente que cada persona tiene su propio ritmo.<\/p>\n","protected":false},"excerpt":{"rendered":"<p>Mi nombre es Amanda RicoTengo 54 a\u00f1os y hace m\u00e1s de veinte a\u00f1os inici\u00e9 un camino profundo de transformaci\u00f3n personal que cambi\u00f3 mi forma de vivir y ver el mundo.Aprend\u00ed que sanar no es olvidar lo vivido, sino abrazar nuestra historia, resignificarla y permitirnos vivir con mayor calma, autenticidad y amor propio.Desde esa experiencia nace [&hellip;]<\/p>\n","protected":false},"author":4,"featured_media":0,"parent":0,"menu_order":0,"comment_status":"closed","ping_status":"closed","template":"","meta":{"footnotes":""},"class_list":["post-182","page","type-page","status-publish","hentry"],"_links":{"self":[{"href":"https:\/\/arte.vive-rico.com\/index.php?rest_route=\/wp\/v2\/pages\/182","targetHints":{"allow":["GET"]}}],"collection":[{"href":"https:\/\/arte.vive-rico.com\/index.php?rest_route=\/wp\/v2\/pages"}],"about":[{"href":"https:\/\/arte.vive-rico.com\/index.php?rest_route=\/wp\/v2\/types\/page"}],"author":[{"embeddable":true,"href":"https:\/\/arte.vive-rico.com\/index.php?rest_route=\/wp\/v2\/users\/4"}],"replies":[{"embeddable":true,"href":"https:\/\/arte.vive-rico.com\/index.php?rest_route=%2Fwp%2Fv2%2Fcomments&post=182"}],"version-history":[{"count":1,"href":"https:\/\/arte.vive-rico.com\/index.php?rest_route=\/wp\/v2\/pages\/182\/revisions"}],"predecessor-version":[{"id":183,"href":"https:\/\/arte.vive-rico.com\/index.php?rest_route=\/wp\/v2\/pages\/182\/revisions\/183"}],"wp:attachment":[{"href":"https:\/\/arte.vive-rico.com\/index.php?rest_route=%2Fwp%2Fv2%2Fmedia&parent=182"}],"curies":[{"name":"wp","href":"https:\/\/api.w.org\/{rel}","templated":true}]}}