{"id":187,"date":"2026-04-19T16:53:43","date_gmt":"2026-04-19T16:53:43","guid":{"rendered":"https:\/\/arte.vive-rico.com\/?page_id=187"},"modified":"2026-04-19T17:07:10","modified_gmt":"2026-04-19T17:07:10","slug":"cartas-me-invito","status":"publish","type":"page","link":"https:\/\/arte.vive-rico.com\/?page_id=187","title":{"rendered":"Arte-terapia integral"},"content":{"rendered":"\n<p class=\"has-text-light-color has-text-color has-link-color has-headings-font-family wp-elements-8980f08fbfe9e3adb81dfb9a7f4bb4ce\" style=\"font-size:20px\">Expresar para comprender y transformar<br>La Arteterapia permite expresar emociones y experiencias cuando las palabras no alcanzan.<br>Integro herramientas creativas con Life Coaching y PNL para acompa\u00f1ar procesos personales desde la conciencia y el autoconocimiento.<br>Tambi\u00e9n trabajo acompa\u00f1ando el desarrollo emocional y la estimulaci\u00f3n en la primera infancia mediante recursos art\u00edsticos y expresivos.<\/p>\n\n\n\n<figure class=\"wp-block-image size-large\"><img loading=\"lazy\" decoding=\"async\" width=\"1024\" height=\"682\" src=\"https:\/\/arte.vive-rico.com\/wp-content\/uploads\/2026\/04\/Vive-Rico-60-1024x682.jpg\" alt=\"\" class=\"wp-image-191\" srcset=\"https:\/\/arte.vive-rico.com\/wp-content\/uploads\/2026\/04\/Vive-Rico-60-1024x682.jpg 1024w, https:\/\/arte.vive-rico.com\/wp-content\/uploads\/2026\/04\/Vive-Rico-60-300x200.jpg 300w, https:\/\/arte.vive-rico.com\/wp-content\/uploads\/2026\/04\/Vive-Rico-60-768x512.jpg 768w, https:\/\/arte.vive-rico.com\/wp-content\/uploads\/2026\/04\/Vive-Rico-60-1536x1024.jpg 1536w, https:\/\/arte.vive-rico.com\/wp-content\/uploads\/2026\/04\/Vive-Rico-60-1170x780.jpg 1170w, https:\/\/arte.vive-rico.com\/wp-content\/uploads\/2026\/04\/Vive-Rico-60.jpg 2000w\" sizes=\"auto, (max-width: 1024px) 100vw, 1024px\" \/><\/figure>\n\n\n\n<p><\/p>\n\n\n\n<p class=\"has-foreground-color has-text-color has-link-color has-headings-font-family wp-elements-0f943717ff289defeafcd637e81b77ea\" style=\"font-size:2.4rem\">Cartas de Arte-terapia \u00abMe Invito\u00bb<\/p>\n\n\n\n<p class=\"has-text-light-color has-text-color has-link-color has-headings-font-family wp-elements-92c641913c1e7940366c77ebc63b6270\" style=\"font-size:1.2rem\">Una herramienta de autoconocimiento creada para ayudarte a escucharte.<br>Estas cartas no buscan predecir el futuro.<br>Son una invitaci\u00f3n a mirar m\u00e1s de cerca aquello que est\u00e1s viviendo.<br>Una oportunidad para:<br>comprender una situaci\u00f3n personal,<br>reconocer emociones,<br>identificar necesidades,<br>tomar decisiones conscientes.<br>A trav\u00e9s de ellas puedes darle una nueva mirada a aquello que te inquieta.<br>Porque las respuestas viven dentro de ti.<br>El or\u00e1culo eres t\u00fa.<\/p>\n\n\n\n<figure class=\"wp-block-image\"><img loading=\"lazy\" decoding=\"async\" width=\"682\" height=\"1024\" src=\"https:\/\/arte.vive-rico.com\/wp-content\/uploads\/2023\/09\/Vive-Rico-74-682x1024.jpg\" alt=\"\" class=\"wp-image-153\" srcset=\"https:\/\/arte.vive-rico.com\/wp-content\/uploads\/2023\/09\/Vive-Rico-74-682x1024.jpg 682w, https:\/\/arte.vive-rico.com\/wp-content\/uploads\/2023\/09\/Vive-Rico-74-200x300.jpg 200w, https:\/\/arte.vive-rico.com\/wp-content\/uploads\/2023\/09\/Vive-Rico-74-768x1152.jpg 768w, https:\/\/arte.vive-rico.com\/wp-content\/uploads\/2023\/09\/Vive-Rico-74-1024x1536.jpg 1024w, https:\/\/arte.vive-rico.com\/wp-content\/uploads\/2023\/09\/Vive-Rico-74-1170x1755.jpg 1170w, https:\/\/arte.vive-rico.com\/wp-content\/uploads\/2023\/09\/Vive-Rico-74.jpg 1333w\" sizes=\"auto, (max-width: 682px) 100vw, 682px\" \/><\/figure>\n\n\n\n<p><\/p>\n\n\n\n<p><\/p>\n","protected":false},"excerpt":{"rendered":"<p>Expresar para comprender y transformarLa Arteterapia permite expresar emociones y experiencias cuando las palabras no alcanzan.Integro herramientas creativas con Life Coaching y PNL para acompa\u00f1ar procesos personales desde la conciencia y el autoconocimiento.Tambi\u00e9n trabajo acompa\u00f1ando el desarrollo emocional y la estimulaci\u00f3n en la primera infancia mediante recursos art\u00edsticos y expresivos. Cartas de Arte-terapia \u00abMe Invito\u00bb [&hellip;]<\/p>\n","protected":false},"author":4,"featured_media":0,"parent":0,"menu_order":0,"comment_status":"closed","ping_status":"closed","template":"","meta":{"footnotes":""},"class_list":["post-187","page","type-page","status-publish","hentry"],"_links":{"self":[{"href":"https:\/\/arte.vive-rico.com\/index.php?rest_route=\/wp\/v2\/pages\/187","targetHints":{"allow":["GET"]}}],"collection":[{"href":"https:\/\/arte.vive-rico.com\/index.php?rest_route=\/wp\/v2\/pages"}],"about":[{"href":"https:\/\/arte.vive-rico.com\/index.php?rest_route=\/wp\/v2\/types\/page"}],"author":[{"embeddable":true,"href":"https:\/\/arte.vive-rico.com\/index.php?rest_route=\/wp\/v2\/users\/4"}],"replies":[{"embeddable":true,"href":"https:\/\/arte.vive-rico.com\/index.php?rest_route=%2Fwp%2Fv2%2Fcomments&post=187"}],"version-history":[{"count":2,"href":"https:\/\/arte.vive-rico.com\/index.php?rest_route=\/wp\/v2\/pages\/187\/revisions"}],"predecessor-version":[{"id":192,"href":"https:\/\/arte.vive-rico.com\/index.php?rest_route=\/wp\/v2\/pages\/187\/revisions\/192"}],"wp:attachment":[{"href":"https:\/\/arte.vive-rico.com\/index.php?rest_route=%2Fwp%2Fv2%2Fmedia&parent=187"}],"curies":[{"name":"wp","href":"https:\/\/api.w.org\/{rel}","templated":true}]}}