{"id":194,"date":"2026-04-19T17:08:52","date_gmt":"2026-04-19T17:08:52","guid":{"rendered":"https:\/\/arte.vive-rico.com\/?page_id=194"},"modified":"2026-04-19T17:14:12","modified_gmt":"2026-04-19T17:14:12","slug":"reiki-usui","status":"publish","type":"page","link":"https:\/\/arte.vive-rico.com\/?page_id=194","title":{"rendered":"Reiki Usui"},"content":{"rendered":"\n<p class=\"has-text-light-color has-text-color has-link-color has-headings-font-family wp-elements-8c06f81277d0e92270b4d43ac4a569e1\" style=\"font-size:20px\">Equilibrio energ\u00e9tico y relajaci\u00f3n profunda<br>El Reiki es una terapia complementaria basada en la canalizaci\u00f3n de energ\u00eda a trav\u00e9s de las manos para armonizar cuerpo, mente y emociones.<\/p>\n\n\n\n<p class=\"has-text-light-color has-text-color has-link-color has-headings-font-family wp-elements-8655e41192d667d23c33ef5c3e495eab\" style=\"font-size:20px\"><br>Trabajo desde el m\u00e9todo tradicional de Mikao Usui, complementando cada sesi\u00f3n con:<br>Cristales<br>Aromaterapia<br>Ho&#8217;oponopono<br>El Reiki puede favorecer:<br>-Relajaci\u00f3n profunda<br>-Reducci\u00f3n del estr\u00e9s y ansiedad<br>-Liberaci\u00f3n de bloqueos emocionales<br>-Mejora del sue\u00f1o<br>-Equilibrio emocional<br>-Mayor bienestar general.<br>-Cada sesi\u00f3n es personalizada.<\/p>\n\n\n\n<figure class=\"wp-block-gallery has-nested-images columns-default is-cropped wp-block-gallery-1 is-layout-flex wp-block-gallery-is-layout-flex\">\n<figure class=\"wp-block-image size-large\"><img loading=\"lazy\" decoding=\"async\" width=\"682\" height=\"1024\" data-id=\"197\" src=\"https:\/\/arte.vive-rico.com\/wp-content\/uploads\/2026\/04\/Vive-Rico-40-682x1024.jpg\" alt=\"\" class=\"wp-image-197\" srcset=\"https:\/\/arte.vive-rico.com\/wp-content\/uploads\/2026\/04\/Vive-Rico-40-682x1024.jpg 682w, https:\/\/arte.vive-rico.com\/wp-content\/uploads\/2026\/04\/Vive-Rico-40-200x300.jpg 200w, https:\/\/arte.vive-rico.com\/wp-content\/uploads\/2026\/04\/Vive-Rico-40-768x1152.jpg 768w, https:\/\/arte.vive-rico.com\/wp-content\/uploads\/2026\/04\/Vive-Rico-40-1024x1536.jpg 1024w, https:\/\/arte.vive-rico.com\/wp-content\/uploads\/2026\/04\/Vive-Rico-40-1170x1755.jpg 1170w, https:\/\/arte.vive-rico.com\/wp-content\/uploads\/2026\/04\/Vive-Rico-40.jpg 1333w\" sizes=\"auto, (max-width: 682px) 100vw, 682px\" \/><\/figure>\n\n\n\n<figure class=\"wp-block-image size-large\"><img loading=\"lazy\" decoding=\"async\" width=\"682\" height=\"1024\" data-id=\"198\" src=\"https:\/\/arte.vive-rico.com\/wp-content\/uploads\/2026\/04\/Vive-Rico-26-682x1024.jpg\" alt=\"\" class=\"wp-image-198\" srcset=\"https:\/\/arte.vive-rico.com\/wp-content\/uploads\/2026\/04\/Vive-Rico-26-682x1024.jpg 682w, https:\/\/arte.vive-rico.com\/wp-content\/uploads\/2026\/04\/Vive-Rico-26-200x300.jpg 200w, https:\/\/arte.vive-rico.com\/wp-content\/uploads\/2026\/04\/Vive-Rico-26-768x1152.jpg 768w, https:\/\/arte.vive-rico.com\/wp-content\/uploads\/2026\/04\/Vive-Rico-26-1024x1536.jpg 1024w, https:\/\/arte.vive-rico.com\/wp-content\/uploads\/2026\/04\/Vive-Rico-26-1170x1755.jpg 1170w, https:\/\/arte.vive-rico.com\/wp-content\/uploads\/2026\/04\/Vive-Rico-26.jpg 1333w\" sizes=\"auto, (max-width: 682px) 100vw, 682px\" \/><\/figure>\n<\/figure>\n\n\n\n<figure class=\"wp-block-image size-large\"><img loading=\"lazy\" decoding=\"async\" width=\"1024\" height=\"682\" src=\"https:\/\/arte.vive-rico.com\/wp-content\/uploads\/2026\/04\/Vive-Rico-12-1024x682.jpg\" alt=\"\" class=\"wp-image-199\" srcset=\"https:\/\/arte.vive-rico.com\/wp-content\/uploads\/2026\/04\/Vive-Rico-12-1024x682.jpg 1024w, https:\/\/arte.vive-rico.com\/wp-content\/uploads\/2026\/04\/Vive-Rico-12-300x200.jpg 300w, https:\/\/arte.vive-rico.com\/wp-content\/uploads\/2026\/04\/Vive-Rico-12-768x512.jpg 768w, https:\/\/arte.vive-rico.com\/wp-content\/uploads\/2026\/04\/Vive-Rico-12-1536x1024.jpg 1536w, https:\/\/arte.vive-rico.com\/wp-content\/uploads\/2026\/04\/Vive-Rico-12-1170x780.jpg 1170w, https:\/\/arte.vive-rico.com\/wp-content\/uploads\/2026\/04\/Vive-Rico-12.jpg 2000w\" sizes=\"auto, (max-width: 1024px) 100vw, 1024px\" \/><\/figure>\n","protected":false},"excerpt":{"rendered":"<p>Equilibrio energ\u00e9tico y relajaci\u00f3n profundaEl Reiki es una terapia complementaria basada en la canalizaci\u00f3n de energ\u00eda a trav\u00e9s de las manos para armonizar cuerpo, mente y emociones. Trabajo desde el m\u00e9todo tradicional de Mikao Usui, complementando cada sesi\u00f3n con:CristalesAromaterapiaHo&#8217;oponoponoEl Reiki puede favorecer:-Relajaci\u00f3n profunda-Reducci\u00f3n del estr\u00e9s y ansiedad-Liberaci\u00f3n de bloqueos emocionales-Mejora del sue\u00f1o-Equilibrio emocional-Mayor bienestar general.-Cada [&hellip;]<\/p>\n","protected":false},"author":4,"featured_media":0,"parent":0,"menu_order":0,"comment_status":"closed","ping_status":"closed","template":"","meta":{"footnotes":""},"class_list":["post-194","page","type-page","status-publish","hentry"],"_links":{"self":[{"href":"https:\/\/arte.vive-rico.com\/index.php?rest_route=\/wp\/v2\/pages\/194","targetHints":{"allow":["GET"]}}],"collection":[{"href":"https:\/\/arte.vive-rico.com\/index.php?rest_route=\/wp\/v2\/pages"}],"about":[{"href":"https:\/\/arte.vive-rico.com\/index.php?rest_route=\/wp\/v2\/types\/page"}],"author":[{"embeddable":true,"href":"https:\/\/arte.vive-rico.com\/index.php?rest_route=\/wp\/v2\/users\/4"}],"replies":[{"embeddable":true,"href":"https:\/\/arte.vive-rico.com\/index.php?rest_route=%2Fwp%2Fv2%2Fcomments&post=194"}],"version-history":[{"count":1,"href":"https:\/\/arte.vive-rico.com\/index.php?rest_route=\/wp\/v2\/pages\/194\/revisions"}],"predecessor-version":[{"id":200,"href":"https:\/\/arte.vive-rico.com\/index.php?rest_route=\/wp\/v2\/pages\/194\/revisions\/200"}],"wp:attachment":[{"href":"https:\/\/arte.vive-rico.com\/index.php?rest_route=%2Fwp%2Fv2%2Fmedia&parent=194"}],"curies":[{"name":"wp","href":"https:\/\/api.w.org\/{rel}","templated":true}]}}