{"id":202,"date":"2026-04-19T17:20:19","date_gmt":"2026-04-19T17:20:19","guid":{"rendered":"https:\/\/arte.vive-rico.com\/?page_id=202"},"modified":"2026-04-19T17:41:09","modified_gmt":"2026-04-19T17:41:09","slug":"servicios","status":"publish","type":"page","link":"https:\/\/arte.vive-rico.com\/?page_id=202","title":{"rendered":"Servicios"},"content":{"rendered":"\n<p class=\"has-foreground-color has-text-color has-link-color has-headings-font-family has-medium-font-size wp-elements-5d8bb441fdc3587ae8bb1f85b464a50f\">-Acompa\u00f1amiento al desarrollo en la primera infancia<br>Espacios de acompa\u00f1amiento respetuoso utilizando herramientas de Arteterapia que favorecen la expresi\u00f3n emocional y el desarrollo integral de ni\u00f1os peque\u00f1os.<\/p>\n\n\n\n<p class=\"has-foreground-color has-text-color has-link-color has-headings-font-family has-medium-font-size wp-elements-4090dbe1757469a0410fe829d35441e2\"><br>-Sesiones de Arteterapia<br>Presenciales en Santa Cruz de la Sierra.<br>Modalidad virtual desde cualquier lugar.<br>Un espacio para explorar emociones, situaciones personales o momentos de cambio.<\/p>\n\n\n\n<p class=\"has-foreground-color has-text-color has-link-color has-headings-font-family has-medium-font-size wp-elements-9f2ebb849efc386905c2f904b914ab71\"><br>-Sesiones de Reiki Usui<br>Sesiones individuales orientadas a la relajaci\u00f3n profunda y armonizaci\u00f3n energ\u00e9tica.<br>Atenci\u00f3n personalizada.<\/p>\n\n\n\n<p class=\"has-foreground-color has-text-color has-link-color has-headings-font-family has-medium-font-size wp-elements-1f97d574df1746c2576cc13ae9f8fe94\">Procesos relacionados con:<br>Estr\u00e9s y ansiedad<br>Momentos de cambio personal<br>Baja autoestima<br>Duelos o p\u00e9rdidas<br>Conflictos emocionales<br>Bloqueos personales<br>Necesidad de reconectar contigo<\/p>\n\n\n\n<p class=\"has-foreground-color has-text-color has-link-color has-headings-font-family has-medium-font-size wp-elements-2741445653c51382a6d49d9e4cbef01a\"><br>Las terapias ofrecidas son complementarias y no reemplazan tratamientos m\u00e9dicos o psicol\u00f3gicos cuando estos sean necesarios.<br><br>Si sientes que es momento de escucharte, comprender lo que est\u00e1s viviendo y cuidar tu bienestar\u2026 Ser\u00e1 un honor acompa\u00f1arte.<\/p>\n\n\n\n<p class=\"has-foreground-color has-text-color has-link-color has-headings-font-family has-medium-font-size wp-elements-6a1a6ce33bbf742ed3761c840467166d\">Contacto<br>Sesiones presenciales en Santa Cruz de la Sierra<br>Sesiones virtuales desde cualquier lugar.<\/p>\n\n\n\n<p class=\"has-foreground-color has-text-color has-link-color has-headings-font-family has-medium-font-size wp-elements-1a6849a2b7d27bd4389043bfe690c84f\">Agendar sesi\u00f3n<br>WhatsApp +591 77725016<\/p>\n\n\n\n<p class=\"has-foreground-color has-text-color has-link-color has-headings-font-family has-medium-font-size wp-elements-bc0b5d5869a8597d3ad2acc8e8bdec5e\"><br>Redes sociales<br>https:\/\/linktr.ee\/amanda.rico.mendivil<\/p>\n","protected":false},"excerpt":{"rendered":"<p>-Acompa\u00f1amiento al desarrollo en la primera infanciaEspacios de acompa\u00f1amiento respetuoso utilizando herramientas de Arteterapia que favorecen la expresi\u00f3n emocional y el desarrollo integral de ni\u00f1os peque\u00f1os. -Sesiones de ArteterapiaPresenciales en Santa Cruz de la Sierra.Modalidad virtual desde cualquier lugar.Un espacio para explorar emociones, situaciones personales o momentos de cambio. -Sesiones de Reiki UsuiSesiones individuales orientadas [&hellip;]<\/p>\n","protected":false},"author":4,"featured_media":0,"parent":0,"menu_order":0,"comment_status":"closed","ping_status":"closed","template":"","meta":{"footnotes":""},"class_list":["post-202","page","type-page","status-publish","hentry"],"_links":{"self":[{"href":"https:\/\/arte.vive-rico.com\/index.php?rest_route=\/wp\/v2\/pages\/202","targetHints":{"allow":["GET"]}}],"collection":[{"href":"https:\/\/arte.vive-rico.com\/index.php?rest_route=\/wp\/v2\/pages"}],"about":[{"href":"https:\/\/arte.vive-rico.com\/index.php?rest_route=\/wp\/v2\/types\/page"}],"author":[{"embeddable":true,"href":"https:\/\/arte.vive-rico.com\/index.php?rest_route=\/wp\/v2\/users\/4"}],"replies":[{"embeddable":true,"href":"https:\/\/arte.vive-rico.com\/index.php?rest_route=%2Fwp%2Fv2%2Fcomments&post=202"}],"version-history":[{"count":3,"href":"https:\/\/arte.vive-rico.com\/index.php?rest_route=\/wp\/v2\/pages\/202\/revisions"}],"predecessor-version":[{"id":213,"href":"https:\/\/arte.vive-rico.com\/index.php?rest_route=\/wp\/v2\/pages\/202\/revisions\/213"}],"wp:attachment":[{"href":"https:\/\/arte.vive-rico.com\/index.php?rest_route=%2Fwp%2Fv2%2Fmedia&parent=202"}],"curies":[{"name":"wp","href":"https:\/\/api.w.org\/{rel}","templated":true}]}}